{"id":111,"date":"2021-12-14T13:32:02","date_gmt":"2021-12-14T12:32:02","guid":{"rendered":"https:\/\/www.amsbeck-mt.de\/?page_id=111"},"modified":"2026-02-17T11:38:24","modified_gmt":"2026-02-17T10:38:24","slug":"impressum","status":"publish","type":"page","link":"https:\/\/www.amsbeck-mt.de\/es\/impressum\/","title":{"rendered":"Pie de imprenta"},"content":{"rendered":"<div class=\"brz brz-root__container brz-reset-all brz-root__container-page\" >\n<section id=\"qvbatgwvkrbabpplpshujoxeuawkenfupagi_qvbatgwvkrbabpplpshujoxeuawkenfupagi\" class=\"brz-section brz-css-d-section brz-css-1ekv93h\">\n<div class=\"brz-section__content brz-section--fullWidth brz-css-d-sectionitem-bg brz-css-8hqen0\" data-brz-custom-id=\"lavykvohtbdonbgairchhxoeedsxbqsatbcg\">\n<div class=\"brz-bg\"><\/div>\n<div class=\"brz-container brz-css-d-sectionitem-container brz-css-1gaqgo8\">\n<div id=\"\" class=\"brz-css-d-wrapper brz-css-1xzc9g2 brz-wrapper\">\n<div class=\"brz-image brz-css-d-image-bujghqswpgwtbgtwklxcnavfamiwcfaqgaar-parent brz-css-1eme0ka\" data-brz-custom-id=\"bujghqswpgwtbgtwklxcnavfamiwcfaqgaar\"><picture class=\"brz-picture brz-d-block brz-p-relative brz-css-d-image-bujghqswpgwtbgtwklxcnavfamiwcfaqgaar-picture brz-css-1t3jfyi\"><source srcset=\"https:\/\/www.amsbeck-mt.de\/wp-content\/uploads\/brizy\/imgs\/wp-14cffaa1dd6b512ace4c54c4f2c3fe1b-1920x570x0x57x1920x399x1768307870.jpg 1x, https:\/\/www.amsbeck-mt.de\/wp-content\/uploads\/brizy\/imgs\/wp-14cffaa1dd6b512ace4c54c4f2c3fe1b-3840x1140x0x114x3840x798x1768307870.jpg 2x\" media=\"(min-width: 992px)\"><source srcset=\"https:\/\/www.amsbeck-mt.de\/wp-content\/uploads\/brizy\/imgs\/wp-14cffaa1dd6b512ace4c54c4f2c3fe1b-768x228x0x23x768x160x1768307870.jpg 1x, https:\/\/www.amsbeck-mt.de\/wp-content\/uploads\/brizy\/imgs\/wp-14cffaa1dd6b512ace4c54c4f2c3fe1b-1536x456x0x46x1536x320x1768307870.jpg 2x\" media=\"(min-width: 768px)\"><img decoding=\"async\" class=\"brz-img\" srcset=\"https:\/\/www.amsbeck-mt.de\/?brizy_media=wp-14cffaa1dd6b512ace4c54c4f2c3fe1b.jpg&amp;brizy_crop=iW%3D460%26iH%3D137%26oX%3D0%26oY%3D0%26cW%3D430%26cH%3D137 1x, https:\/\/www.amsbeck-mt.de\/?brizy_media=wp-14cffaa1dd6b512ace4c54c4f2c3fe1b.jpg&amp;brizy_crop=iW%3D920%26iH%3D274%26oX%3D0%26oY%3D0%26cW%3D860%26cH%3D274 2x\" src=\"https:\/\/www.amsbeck-mt.de\/wp-content\/uploads\/brizy\/imgs\/wp-14cffaa1dd6b512ace4c54c4f2c3fe1b-1920x570x0x57x1920x399x1768307870.jpg\" loading=\"lazy\" alt=\"{{brizy_dc_image_alt imageSrc=\"wp-14cffaa1dd6b512ace4c54c4f2c3fe1b.jpg\"}}\" title=\"\" draggable=\"false\"><\/picture><\/div>\n<\/div>\n<\/div>\n<\/div>\n<\/section>\n<section id=\"ipnvufehywfwtpimpjoctkksuppqfkqhahzp_ipnvufehywfwtpimpjoctkksuppqfkqhahzp\" class=\"brz-section brz-css-d-section brz-css-s7htu9\">\n<div class=\"brz-section__content brz-section--boxed brz-css-d-sectionitem-bg brz-css-yyluds\" data-brz-custom-id=\"smornrdmhvgkbafsbbnorpxatbmpeffsirji\">\n<div class=\"brz-container brz-css-d-sectionitem-container brz-css-4g7r0s\">\n<div id=\"\" class=\"brz-css-d-wrapper brz-css-1fxkocq brz-wrapper\">\n<div class=\"brz-rich-text brz-rich-text__custom brz-css-d-richtext brz-css-1v8xrz0\" data-brz-custom-id=\"ebjjzexqbuxnnmxlismghapzzhxmuihfvtrv\">\n<div data-brz-translate-text=\"1\">\n<p class=\"brz-tp-lg-heading2 brz-css-t60FY\" data-uniq-id=\"pRAP9\" data-generated-css=\"brz-css-wTCmu\"><span class=\"brz-cp-color6\">Pie de imprenta <\/span><\/p>\n<p class=\"brz-tp-lg-paragraph brz-css-jjMHI\" data-uniq-id=\"v6euJ\" data-generated-css=\"brz-css-hniPt\"><strong> <\/strong><\/p>\n<p class=\"brz-tp-lg-paragraph brz-css-wjooZ\" data-uniq-id=\"fxIhV\" data-generated-css=\"brz-css-dVW0y\"><strong class=\"brz-cp-color6\">AMSBECK-Maschinentechnik GmbH<\/strong><\/p>\n<p class=\"brz-tp-lg-paragraph brz-css-zXCBx\" data-uniq-id=\"a1QqX\" data-generated-css=\"brz-css-xb34W\"><span class=\"brz-cp-color7\">Boschweg 15<\/span><\/p>\n<p class=\"brz-tp-lg-paragraph brz-css-tmgjU\" data-uniq-id=\"d9GUE\" data-generated-css=\"brz-css-aZ0Xq\"><span class=\"brz-cp-color7\">D-48351 Everswinkel<\/span><\/p>\n<p class=\"brz-tp-lg-paragraph brz-css-nHQmQ\" data-uniq-id=\"a609g\" data-generated-css=\"brz-css-zaArX\"><span class=\"brz-cp-color7\">Alemania<\/span><\/p>\n<p class=\"brz-tp-lg-paragraph brz-css-h3G8n\" data-uniq-id=\"xUBqK\" data-generated-css=\"brz-css-tneIK\"><span class=\"brz-cp-color7\"> <\/span><\/p>\n<p class=\"brz-tp-lg-paragraph brz-css-jXZJH\" data-uniq-id=\"r2w_w\" data-generated-css=\"brz-css-mM80V\"><strong class=\"brz-cp-color6\">Tel\u00e9fono<\/strong><\/p>\n<p class=\"brz-tp-lg-paragraph brz-css-n69_T\" data-uniq-id=\"oEi4Z\" data-generated-css=\"brz-css-qsTiw\">+49 2582\/66812-0<\/p>\n<p class=\"brz-tp-lg-paragraph brz-css-xkjJN\" data-uniq-id=\"lH1hJ\" data-generated-css=\"brz-css-iAMgq\"><\/p>\n<p class=\"brz-tp-lg-paragraph brz-css-uk0Kt\" data-uniq-id=\"bI7Ad\" data-generated-css=\"brz-css-oKyag\"><strong class=\"brz-cp-color6\">Fax<\/strong><\/p>\n<p class=\"brz-tp-lg-paragraph brz-css-aN3XE\" data-uniq-id=\"rjKBp\" data-generated-css=\"brz-css-nkdHV\">+49 2582\/66812-101<\/p>\n<p class=\"brz-tp-lg-paragraph brz-css-oNaHv\" data-uniq-id=\"hBdlj\" data-generated-css=\"brz-css-hJsmu\"><\/p>\n<p class=\"brz-tp-lg-paragraph brz-css-mSLjf\" data-uniq-id=\"wDkrh\" data-generated-css=\"brz-css-n2v5Q\"><strong class=\"brz-cp-color6\">Correo electr\u00f3nico<\/strong><\/p>\n<p class=\"brz-tp-lg-paragraph brz-css-hLTNS\" data-uniq-id=\"dWQSc\" data-generated-css=\"brz-css-cp1aH\"><a class=\"link--external\" style=\"color: rgb(0, 91, 17);\" href=\"mailto:info@amsbeck-mt.de\" data-brz-link-type=\"external\">info@amsbeck-mt.de<\/a><\/p>\n<p class=\"brz-tp-lg-paragraph brz-css-qwzqI\" data-uniq-id=\"gFsnF\" data-generated-css=\"brz-css-gFwho\"><\/p>\n<p class=\"brz-tp-lg-paragraph brz-css-oUvhH\" data-uniq-id=\"aPFlM\" data-generated-css=\"brz-css-tVW6t\"><strong class=\"brz-cp-color6\">P\u00e1gina web<\/strong><\/p>\n<p class=\"brz-tp-lg-paragraph brz-css-lQnQ2\" data-uniq-id=\"ziWMU\" data-generated-css=\"brz-css-fLW9P\"><a class=\"link--external\" style=\"color: rgb(0, 91, 17);\" href=\"https:\/\/www.amsbeck-mt.de\/es\/\" data-brz-link-type=\"external\">https:\/\/www.amsbeck-mt.de<\/a><\/p>\n<p class=\"brz-tp-lg-paragraph brz-css-lLBmE\" data-uniq-id=\"tmnI_\" data-generated-css=\"brz-css-aqqoc\"><\/p>\n<p class=\"brz-tp-lg-paragraph brz-css-vz8e3\" data-uniq-id=\"yQpsa\" data-generated-css=\"brz-css-jcyMC\"><strong class=\"brz-cp-color6\">Director General:<\/strong><\/p>\n<p class=\"brz-tp-lg-paragraph brz-css-cJtEy\" data-uniq-id=\"oZi8o\" data-generated-css=\"brz-css-qL3O8\">Susanne Weritz<\/p>\n<p class=\"brz-tp-lg-paragraph brz-css-kmv6O\" data-uniq-id=\"rjbPN\" data-generated-css=\"brz-css-h2uAI\"><\/p>\n<p class=\"brz-tp-lg-paragraph brz-css-hEVtL\" data-uniq-id=\"i8KCF\" data-generated-css=\"brz-css-nXdei\"><strong class=\"brz-cp-color6\">Persona responsable en el sentido del art\u00edculo 18, apartado 2, del MSTV:<\/strong><\/p>\n<p class=\"brz-tp-lg-paragraph brz-css-reU1K\" data-uniq-id=\"q4f9t\" data-generated-css=\"brz-css-zwlEz\">Susanne Weritz, Amsbeck Maschinentechnik GmbH, Boschweg 15, 48351 Everswinkel<\/p>\n<p class=\"brz-tp-lg-paragraph brz-css-qdjRN\" data-uniq-id=\"nukjJ\" data-generated-css=\"brz-css-isn5U\"><\/p>\n<p class=\"brz-tp-lg-paragraph brz-css-iEqsS\" data-uniq-id=\"ts3x0\" data-generated-css=\"brz-css-z2aHI\"><strong class=\"brz-cp-color6\">N\u00famero de identificaci\u00f3n fiscal<\/strong><\/p>\n<p class=\"brz-tp-lg-paragraph brz-css-aQ8AE\" data-uniq-id=\"xDYEe\" data-generated-css=\"brz-css-mP3Dh\">DE811189542<\/p>\n<p class=\"brz-tp-lg-paragraph brz-css-iZo_L\" data-uniq-id=\"lYjHh\" data-generated-css=\"brz-css-p4qp_\"><\/p>\n<p class=\"brz-tp-lg-paragraph brz-css-pdfji\" data-uniq-id=\"p5ONS\" data-generated-css=\"brz-css-sZSXD\"><strong class=\"brz-cp-color6\">Registro mercantil<\/strong><\/p>\n<p class=\"brz-tp-lg-paragraph brz-css-wZqEo\" data-uniq-id=\"lTA4i\" data-generated-css=\"brz-css-zg1Nd\">AG M\u00fcnster HRB9609<\/p>\n<p class=\"brz-tp-lg-paragraph brz-css-sz_ok\" data-uniq-id=\"vSsOE\" data-generated-css=\"brz-css-iE1IW\"><\/p>\n<p class=\"brz-tp-lg-paragraph brz-css-yaO34\" data-uniq-id=\"jkZZd\" data-generated-css=\"brz-css-v0bwW\"><strong class=\"brz-cp-color6\">Concepto y realizaci\u00f3n<\/strong><\/p>\n<p class=\"brz-tp-lg-paragraph brz-css-kbRZj\" data-uniq-id=\"yCQQB\" data-generated-css=\"brz-css-p5IxX\">J\u00fcrgen Lechner y Heike Baumg\u00e4rtner<\/p>\n<p class=\"brz-tp-lg-paragraph brz-css-ykIVX\" data-uniq-id=\"bCmhN\" data-generated-css=\"brz-css-naHeP\"><a class=\"link--external brz-cp-color6\" href=\"http:\/\/www.juergenlechner.de\/\" data-brz-link-type=\"external\">www.juergenlechner.de<\/a><\/p>\n<p class=\"brz-tp-lg-paragraph brz-css-c62uQ\" data-uniq-id=\"kVb1k\" data-generated-css=\"brz-css-kA_bx\"><a class=\"link--external\" style=\"color: rgb(0, 91, 17);\" href=\"https:\/\/buerohochweiss.de\/\" data-brz-link-type=\"external\">www.buerohochweiss.de<\/a><\/p>\n<p class=\"brz-tp-lg-paragraph brz-css-t4eyu\" data-uniq-id=\"xpEwg\" data-generated-css=\"brz-css-waRnt\"><\/p>\n<p class=\"brz-tp-lg-paragraph brz-css-r9afG\" data-uniq-id=\"nUmpJ\" data-generated-css=\"brz-css-uay87\"><\/p>\n<h2 class=\"brz-tp-lg-heading2 brz-css-jbJz_\" data-uniq-id=\"dibuO\" data-generated-css=\"brz-css-yHtKc\"><span class=\"brz-cp-color6\">Descargo de responsabilidad<\/span><\/h2>\n<h2 class=\"brz-tp-lg-heading2 brz-css-zYFkP\" data-uniq-id=\"bpJGT\" data-generated-css=\"brz-css-zmuMR\"><span class=\"brz-cp-color6\"> <\/span><\/h2>\n<h3 class=\"brz-tp-lg-heading3 brz-css-aQYef\" data-uniq-id=\"u7577\" data-generated-css=\"brz-css-l8gbD\"><span class=\"brz-cp-color6\">Responsabilidad por los contenidos<\/span><\/h3>\n<p class=\"brz-tp-lg-paragraph brz-css-iQEiN\" data-uniq-id=\"cx8OJ\" data-generated-css=\"brz-css-tQKk_\">Como proveedor de servicios, somos responsables de nuestros propios contenidos en estas p\u00e1ginas de acuerdo con el art\u00edculo 7 (1) DDG y la legislaci\u00f3n general. Sin embargo, seg\u00fan los \u00a7\u00a7 8 a 10 DDG, como proveedor de servicios no estamos obligados a supervisar la informaci\u00f3n ajena transmitida o almacenada ni a investigar circunstancias que indiquen una actividad ilegal.<\/p>\n<p class=\"brz-tp-lg-paragraph brz-css-a1J9I\" data-uniq-id=\"uE3y5\" data-generated-css=\"brz-css-bNAQs\">Esto no afecta a las obligaciones de eliminar o bloquear el uso de informaci\u00f3n de conformidad con la legislaci\u00f3n general. Sin embargo, la responsabilidad a este respecto s\u00f3lo ser\u00e1 posible a partir del momento en que tengamos conocimiento de una infracci\u00f3n concreta. En cuanto tengamos conocimiento de tales infracciones, eliminaremos inmediatamente estos contenidos.<\/p>\n<p class=\"brz-tp-lg-paragraph brz-css-yjwhA\" data-uniq-id=\"ukw8B\" data-generated-css=\"brz-css-fWvpP\"><\/p>\n<h3 class=\"brz-tp-lg-heading3 brz-css-djLsk\" data-uniq-id=\"wbztq\" data-generated-css=\"brz-css-kiP7G\"><span class=\"brz-cp-color6\">Responsabilidad de los enlaces<\/span><\/h3>\n<p class=\"brz-tp-lg-paragraph brz-css-qawrs\" data-uniq-id=\"nO6VB\" data-generated-css=\"brz-css-vf6BC\">Nuestro sitio web contiene enlaces a sitios web externos de terceros sobre cuyo contenido no tenemos ninguna influencia. Por lo tanto, no podemos aceptar ninguna responsabilidad por este contenido de terceros. El respectivo proveedor u operador de las p\u00e1ginas es siempre responsable del contenido de las p\u00e1ginas enlazadas. Las p\u00e1ginas enlazadas fueron revisadas en el momento de su vinculaci\u00f3n para detectar posibles infracciones legales. En el momento de establecer el enlace no se detectaron contenidos ilegales.<\/p>\n<p class=\"brz-tp-lg-paragraph brz-css-tjrWY\" data-uniq-id=\"ujVpA\" data-generated-css=\"brz-css-nPGcB\"><\/p>\n<p class=\"brz-tp-lg-paragraph brz-css-ugQpG\" data-uniq-id=\"e6DiW\" data-generated-css=\"brz-css-btHA6\">Sin embargo, no es razonable un control permanente del contenido de las p\u00e1ginas enlazadas sin pruebas concretas de una infracci\u00f3n. Si tenemos conocimiento de alguna infracci\u00f3n legal, eliminaremos dichos enlaces inmediatamente.<\/p>\n<p class=\"brz-tp-lg-paragraph brz-css-kqCFv\" data-uniq-id=\"eEV3U\" data-generated-css=\"brz-css-dfTdT\"><\/p>\n<h3 class=\"brz-tp-lg-heading3 brz-css-dAzR4\" data-uniq-id=\"ugmdB\" data-generated-css=\"brz-css-cBXU9\"><span class=\"brz-cp-color6\">Copyright<\/span><\/h3>\n<p class=\"brz-tp-lg-paragraph brz-css-dxr2r\" data-uniq-id=\"xekG3\" data-generated-css=\"brz-css-vDq6i\">Los contenidos y obras creados por los operadores de estas p\u00e1ginas est\u00e1n sujetos a la legislaci\u00f3n alemana sobre derechos de autor. La reproducci\u00f3n, el procesamiento, la distribuci\u00f3n y cualquier tipo de utilizaci\u00f3n fuera de los l\u00edmites de la ley de derechos de autor requieren el consentimiento por escrito del autor o creador correspondiente. Las descargas y copias de este sitio s\u00f3lo est\u00e1n permitidas para uso privado y no comercial.<\/p>\n<p class=\"brz-tp-lg-paragraph brz-css-v6qFK\" data-generated-css=\"brz-css-aeGoh\" data-uniq-id=\"kBUyR\"><\/p>\n<p class=\"brz-tp-lg-paragraph brz-css-h1DZK\" data-generated-css=\"brz-css-cJLBa\" data-uniq-id=\"qe_5y\">En la medida en que el contenido de este sitio no haya sido creado por el operador, se respetan los derechos de autor de terceros. En particular, los contenidos de terceros est\u00e1n etiquetados como tales. No obstante, si tiene conocimiento de una infracci\u00f3n de los derechos de autor, le rogamos que nos lo comunique. Si tenemos conocimiento de alguna infracci\u00f3n, eliminaremos inmediatamente dicho contenido.<\/p>\n<\/div>\n<\/div>\n<\/div>\n<\/div>\n<\/div>\n<\/section><\/div>\n<p><!-- version:1771324704 --><\/p>","protected":false},"excerpt":{"rendered":"<p>Pie de imprenta AMSBECK-Maschinentechnik GmbH Boschweg 15 D-48351 Everswinkel Alemania Tel\u00e9fono +49 2582\/66812-0 Fax +49 2582\/66812-101 Direcci\u00f3n de correo electr\u00f3nico info@amsbeck-mt.de P\u00e1gina web https:\/\/www.amsbeck-mt.de Directora gerente: Susanne Weritz Responsable seg\u00fan \u00a7 18 Abs. 2 MSTV: Susanne Weritz, Amsbeck Maschinentechnik GmbH, Boschweg 15, 48351 Everswinkel CIF DE811189542 Registro Mercantil AG M\u00fcnster HRB9609 Concepto y realizaci\u00f3n J\u00fcrgen Lechner &amp; Heike Baumg\u00e4rtner www.juergenlechner.de www.buerohochweiss.de Descargo de responsabilidad Responsabilidad... <a class=\"more-link\" href=\"https:\/\/www.amsbeck-mt.de\/es\/impressum\/\">Seguir leyendo <span class=\"screen-reader-text\">Pie de imprenta<\/span><\/a><\/p>","protected":false},"author":1,"featured_media":0,"parent":0,"menu_order":0,"comment_status":"closed","ping_status":"closed","template":"brizy-blank-template.php","meta":{"footnotes":""},"class_list":["post-111","page","type-page","status-publish","hentry","entry"],"yoast_head":"<!-- This site is optimized with the Yoast SEO plugin v27.5 - https:\/\/yoast.com\/product\/yoast-seo-wordpress\/ -->\n<title>Impressum - Amsbeck Maschinentechnik<\/title>\n<meta name=\"description\" content=\"Hier finden Sie das Impressum des Herstellers Amsbeck Maschinentechnik von Fliehkraftkupplungen, Fliehkraftbremsen &amp; Lamellenkupplungen \u2713\" \/>\n<meta name=\"robots\" content=\"index, follow, max-snippet:-1, max-image-preview:large, max-video-preview:-1\" \/>\n<link rel=\"canonical\" href=\"https:\/\/www.amsbeck-mt.de\/es\/impressum\/\" \/>\n<meta property=\"og:locale\" content=\"es_ES\" \/>\n<meta property=\"og:type\" content=\"article\" \/>\n<meta property=\"og:title\" content=\"Impressum - Amsbeck Maschinentechnik\" \/>\n<meta property=\"og:description\" content=\"Hier finden Sie das Impressum des Herstellers Amsbeck Maschinentechnik von Fliehkraftkupplungen, Fliehkraftbremsen &amp; Lamellenkupplungen \u2713\" \/>\n<meta property=\"og:url\" content=\"https:\/\/www.amsbeck-mt.de\/es\/impressum\/\" \/>\n<meta property=\"og:site_name\" content=\"Amsbeck Maschinentechnik\" \/>\n<meta property=\"article:modified_time\" content=\"2026-02-17T10:38:24+00:00\" \/>\n<meta property=\"og:image\" content=\"https:\/\/www.amsbeck-mt.de\/wp-content\/uploads\/brizy\/imgs\/wp-14cffaa1dd6b512ace4c54c4f2c3fe1b-1920x570x0x57x1920x399x1768307870.jpg\" \/>\n<meta name=\"twitter:card\" content=\"summary_large_image\" \/>\n<meta name=\"twitter:label1\" content=\"Tiempo de lectura\" \/>\n\t<meta name=\"twitter:data1\" content=\"4 minutos\" \/>\n<script type=\"application\/ld+json\" class=\"yoast-schema-graph\">{\"@context\":\"https:\\\/\\\/schema.org\",\"@graph\":[{\"@type\":\"WebPage\",\"@id\":\"https:\\\/\\\/www.amsbeck-mt.de\\\/impressum\\\/\",\"url\":\"https:\\\/\\\/www.amsbeck-mt.de\\\/impressum\\\/\",\"name\":\"Impressum - Amsbeck Maschinentechnik\",\"isPartOf\":{\"@id\":\"https:\\\/\\\/www.amsbeck-mt.de\\\/#website\"},\"primaryImageOfPage\":{\"@id\":\"https:\\\/\\\/www.amsbeck-mt.de\\\/impressum\\\/#primaryimage\"},\"image\":{\"@id\":\"https:\\\/\\\/www.amsbeck-mt.de\\\/impressum\\\/#primaryimage\"},\"thumbnailUrl\":\"https:\\\/\\\/www.amsbeck-mt.de\\\/wp-content\\\/uploads\\\/brizy\\\/imgs\\\/wp-14cffaa1dd6b512ace4c54c4f2c3fe1b-1920x570x0x57x1920x399x1768307870.jpg\",\"datePublished\":\"2021-12-14T12:32:02+00:00\",\"dateModified\":\"2026-02-17T10:38:24+00:00\",\"description\":\"Hier finden Sie das Impressum des Herstellers Amsbeck Maschinentechnik von Fliehkraftkupplungen, Fliehkraftbremsen & Lamellenkupplungen \u2713\",\"breadcrumb\":{\"@id\":\"https:\\\/\\\/www.amsbeck-mt.de\\\/impressum\\\/#breadcrumb\"},\"inLanguage\":\"es\",\"potentialAction\":[{\"@type\":\"ReadAction\",\"target\":[\"https:\\\/\\\/www.amsbeck-mt.de\\\/impressum\\\/\"]}]},{\"@type\":\"ImageObject\",\"inLanguage\":\"es\",\"@id\":\"https:\\\/\\\/www.amsbeck-mt.de\\\/impressum\\\/#primaryimage\",\"url\":\"https:\\\/\\\/www.amsbeck-mt.de\\\/wp-content\\\/uploads\\\/brizy\\\/imgs\\\/wp-14cffaa1dd6b512ace4c54c4f2c3fe1b-1920x570x0x57x1920x399x1768307870.jpg\",\"contentUrl\":\"https:\\\/\\\/www.amsbeck-mt.de\\\/wp-content\\\/uploads\\\/brizy\\\/imgs\\\/wp-14cffaa1dd6b512ace4c54c4f2c3fe1b-1920x570x0x57x1920x399x1768307870.jpg\"},{\"@type\":\"BreadcrumbList\",\"@id\":\"https:\\\/\\\/www.amsbeck-mt.de\\\/impressum\\\/#breadcrumb\",\"itemListElement\":[{\"@type\":\"ListItem\",\"position\":1,\"name\":\"Startseite\",\"item\":\"https:\\\/\\\/www.amsbeck-mt.de\\\/\"},{\"@type\":\"ListItem\",\"position\":2,\"name\":\"Impressum\"}]},{\"@type\":\"WebSite\",\"@id\":\"https:\\\/\\\/www.amsbeck-mt.de\\\/#website\",\"url\":\"https:\\\/\\\/www.amsbeck-mt.de\\\/\",\"name\":\"Amsbeck Maschinentechnik\",\"description\":\"Ihr Partner rund um Fliehkraftkupplungen und Fliehkraftbremsen\",\"potentialAction\":[{\"@type\":\"SearchAction\",\"target\":{\"@type\":\"EntryPoint\",\"urlTemplate\":\"https:\\\/\\\/www.amsbeck-mt.de\\\/?s={search_term_string}\"},\"query-input\":{\"@type\":\"PropertyValueSpecification\",\"valueRequired\":true,\"valueName\":\"search_term_string\"}}],\"inLanguage\":\"es\"}]}<\/script>\n<!-- \/ Yoast SEO plugin. -->","yoast_head_json":{"title":"Pie de imprenta - Amsbeck Maschinentechnik","description":"Aqu\u00ed encontrar\u00e1 el pie de imprenta del fabricante Amsbeck Maschinentechnik de embragues centr\u00edfugos, frenos centr\u00edfugos &amp; embragues multidisco \u2713.","robots":{"index":"index","follow":"follow","max-snippet":"max-snippet:-1","max-image-preview":"max-image-preview:large","max-video-preview":"max-video-preview:-1"},"canonical":"https:\/\/www.amsbeck-mt.de\/es\/impressum\/","og_locale":"es_ES","og_type":"article","og_title":"Impressum - Amsbeck Maschinentechnik","og_description":"Hier finden Sie das Impressum des Herstellers Amsbeck Maschinentechnik von Fliehkraftkupplungen, Fliehkraftbremsen & Lamellenkupplungen \u2713","og_url":"https:\/\/www.amsbeck-mt.de\/es\/impressum\/","og_site_name":"Amsbeck Maschinentechnik","article_modified_time":"2026-02-17T10:38:24+00:00","og_image":[{"url":"https:\/\/www.amsbeck-mt.de\/wp-content\/uploads\/brizy\/imgs\/wp-14cffaa1dd6b512ace4c54c4f2c3fe1b-1920x570x0x57x1920x399x1768307870.jpg","type":"","width":"","height":""}],"twitter_card":"summary_large_image","twitter_misc":{"Tiempo de lectura":"4 minutos"},"schema":{"@context":"https:\/\/schema.org","@graph":[{"@type":"WebPage","@id":"https:\/\/www.amsbeck-mt.de\/impressum\/","url":"https:\/\/www.amsbeck-mt.de\/impressum\/","name":"Pie de imprenta - Amsbeck Maschinentechnik","isPartOf":{"@id":"https:\/\/www.amsbeck-mt.de\/#website"},"primaryImageOfPage":{"@id":"https:\/\/www.amsbeck-mt.de\/impressum\/#primaryimage"},"image":{"@id":"https:\/\/www.amsbeck-mt.de\/impressum\/#primaryimage"},"thumbnailUrl":"https:\/\/www.amsbeck-mt.de\/wp-content\/uploads\/brizy\/imgs\/wp-14cffaa1dd6b512ace4c54c4f2c3fe1b-1920x570x0x57x1920x399x1768307870.jpg","datePublished":"2021-12-14T12:32:02+00:00","dateModified":"2026-02-17T10:38:24+00:00","description":"Aqu\u00ed encontrar\u00e1 el pie de imprenta del fabricante Amsbeck Maschinentechnik de embragues centr\u00edfugos, frenos centr\u00edfugos &amp; embragues multidisco \u2713.","breadcrumb":{"@id":"https:\/\/www.amsbeck-mt.de\/impressum\/#breadcrumb"},"inLanguage":"es","potentialAction":[{"@type":"ReadAction","target":["https:\/\/www.amsbeck-mt.de\/impressum\/"]}]},{"@type":"ImageObject","inLanguage":"es","@id":"https:\/\/www.amsbeck-mt.de\/impressum\/#primaryimage","url":"https:\/\/www.amsbeck-mt.de\/wp-content\/uploads\/brizy\/imgs\/wp-14cffaa1dd6b512ace4c54c4f2c3fe1b-1920x570x0x57x1920x399x1768307870.jpg","contentUrl":"https:\/\/www.amsbeck-mt.de\/wp-content\/uploads\/brizy\/imgs\/wp-14cffaa1dd6b512ace4c54c4f2c3fe1b-1920x570x0x57x1920x399x1768307870.jpg"},{"@type":"BreadcrumbList","@id":"https:\/\/www.amsbeck-mt.de\/impressum\/#breadcrumb","itemListElement":[{"@type":"ListItem","position":1,"name":"Startseite","item":"https:\/\/www.amsbeck-mt.de\/"},{"@type":"ListItem","position":2,"name":"Impressum"}]},{"@type":"WebSite","@id":"https:\/\/www.amsbeck-mt.de\/#website","url":"https:\/\/www.amsbeck-mt.de\/","name":"Tecnolog\u00eda de maquinaria Amsbeck","description":"Su socio para embragues centr\u00edfugos y frenos centr\u00edfugos","potentialAction":[{"@type":"SearchAction","target":{"@type":"EntryPoint","urlTemplate":"https:\/\/www.amsbeck-mt.de\/?s={search_term_string}"},"query-input":{"@type":"PropertyValueSpecification","valueRequired":true,"valueName":"search_term_string"}}],"inLanguage":"es"}]}},"brizy_media":[{"id":12,"url":"https:\/\/www.amsbeck-mt.de\/wp-content\/uploads\/2021\/12\/wp-14cffaa1dd6b512ace4c54c4f2c3fe1b.jpg","name":"wp-14cffaa1dd6b512ace4c54c4f2c3fe1b.jpg","meta":{"brizy_attachment_uid":"wp-14cffaa1dd6b512ace4c54c4f2c3fe1b.jpg","brizy_post_uid":["0c1eeecc0926fc2361c9c8d6aada3ae7","f82db5484a1900792cdab9f2fd1ebd64","f4ddfc41221051576e258c5436125653"]}},{"id":16,"url":"https:\/\/www.amsbeck-mt.de\/wp-content\/uploads\/2021\/12\/wp-5903ec7b7621dc030c643076483557cf.jpg","name":"wp-5903ec7b7621dc030c643076483557cf.jpg","meta":{"brizy_attachment_uid":"wp-5903ec7b7621dc030c643076483557cf.jpg","brizy_post_uid":["0c1eeecc0926fc2361c9c8d6aada3ae7","e23db51f146766f34e80ac5c538ddcbf"]}}],"_links":{"self":[{"href":"https:\/\/www.amsbeck-mt.de\/es\/wp-json\/wp\/v2\/pages\/111","targetHints":{"allow":["GET"]}}],"collection":[{"href":"https:\/\/www.amsbeck-mt.de\/es\/wp-json\/wp\/v2\/pages"}],"about":[{"href":"https:\/\/www.amsbeck-mt.de\/es\/wp-json\/wp\/v2\/types\/page"}],"author":[{"embeddable":true,"href":"https:\/\/www.amsbeck-mt.de\/es\/wp-json\/wp\/v2\/users\/1"}],"replies":[{"embeddable":true,"href":"https:\/\/www.amsbeck-mt.de\/es\/wp-json\/wp\/v2\/comments?post=111"}],"version-history":[{"count":23,"href":"https:\/\/www.amsbeck-mt.de\/es\/wp-json\/wp\/v2\/pages\/111\/revisions"}],"predecessor-version":[{"id":17581,"href":"https:\/\/www.amsbeck-mt.de\/es\/wp-json\/wp\/v2\/pages\/111\/revisions\/17581"}],"wp:attachment":[{"href":"https:\/\/www.amsbeck-mt.de\/es\/wp-json\/wp\/v2\/media?parent=111"}],"curies":[{"name":"wp","href":"https:\/\/api.w.org\/{rel}","templated":true}]}}