{"id":17166,"date":"2025-06-18T12:40:55","date_gmt":"2025-06-18T10:40:55","guid":{"rendered":"https:\/\/www.amsbeck-mt.de\/?page_id=17166"},"modified":"2026-03-18T12:55:35","modified_gmt":"2026-03-18T11:55:35","slug":"faqs","status":"publish","type":"page","link":"https:\/\/www.amsbeck-mt.de\/es\/faqs\/","title":{"rendered":"Preguntas frecuentes"},"content":{"rendered":"<div class=\"brz brz-root__container brz-reset-all brz-root__container-page\" >\n<section id=\"j2UtpmfoATNf_j2UtpmfoATNf\" class=\"brz-section brz-css-d-section brz-css-1qh8277\">\n<div class=\"brz-section__content brz-section--boxed brz-css-d-sectionitem-bg brz-css-1sufogk\" data-brz-custom-id=\"qGuIsseVnDSB\">\n<div class=\"brz-bg\">\n<div class=\"brz-bg-color\"><\/div>\n<\/div>\n<div class=\"brz-container brz-css-d-sectionitem-container brz-css-g3mxxr\">\n<div id=\"\" class=\"brz-css-d-wrapper brz-css-i2im1m brz-wrapper\">\n<div class=\"brz-image brz-css-d-image-ksutswi2pefm-parent brz-css-1h1cy7\" data-brz-custom-id=\"ksUTsWI2PEfm\"><picture class=\"brz-picture brz-d-block brz-p-relative brz-css-d-image-ksutswi2pefm-picture brz-css-1fsw3qv\"><img decoding=\"async\" class=\"brz-img brz-img-svg\" src=\"https:\/\/www.amsbeck-mt.de\/wp-content\/uploads\/2021\/12\/wp-98b58feec9b9ce0f3fad636b4c727a1c.svg\" loading=\"lazy\" alt=\"{{brizy_dc_image_alt imageSrc=\"wp-98b58feec9b9ce0f3fad636b4c727a1c.svg\"}}\" title=\"\" draggable=\"false\"><\/picture><\/div>\n<\/div>\n<div id=\"\" class=\"brz-css-d-wrapper brz-css-1d1mmhn brz-wrapper\">\n<div class=\"brz-rich-text brz-rich-text__custom brz-css-d-richtext brz-css-1w6ru39\" data-brz-custom-id=\"eVMtfBUM6oHF\">\n<div data-brz-translate-text=\"1\">\n<p class=\"brz-mb-sm-10 brz-text-lg-center brz-tp-lg-heading2 brz-mt-lg-0 brz-mb-lg-20 brz-mb-xs-10 brz-css-ygnip\" data-generated-css=\"brz-css-zq67q\" data-uniq-id=\"gUzE6\"><span class=\"brz-cp-color2 brz-span\" style=\"\">Preguntas frecuentes<\/span><\/p>\n<\/div>\n<\/div>\n<\/div>\n<div id=\"\" class=\"brz-css-d-wrapper brz-css-omvljr brz-wrapper\">\n<div class=\"brz-accordion brz-css-d-accordion brz-css-1v3xaza\" data-brz-duration=\"300\" data-brz-custom-id=\"d2RUkcBOKSuA\">\n<div class=\"brz-accordion__item brz-accordion__item--active\">\n<div class=\"brz-accordion__nav\" data-brz-collapsible=\"on\">\n<h4 data-brz-translate-text=\"1\" class=\"brz-accordion__nav-title brz-h4 brz-text__editor\">\u00bfQu\u00e9 es un embrague centr\u00edfugo?<\/h4>\n<\/div>\n<div class=\"brz-accordion__content brz-d-xs-flex brz-flex-xs-column\">\n<div class=\"brz-accordion__item-content brz-d-xs-flex brz-flex-xs-column\">\n<div id=\"\" class=\"brz-css-d-wrapper brz-css-p2013a brz-wrapper\">\n<div class=\"brz-rich-text brz-rich-text__custom brz-css-d-richtext brz-css-lvillq\" data-brz-custom-id=\"r0JSaFdL_apI\">\n<div data-brz-translate-text=\"1\">\n<p class=\"brz-tp-lg-paragraph brz-tp-sm-paragraph brz-css-k8i9U\" data-generated-css=\"brz-css-x3_9m\" data-uniq-id=\"fsGI1\"><span class=\"brz-cp-color7\">Un embrague centr\u00edfugo es un componente mec\u00e1nico que conecta y desconecta autom\u00e1ticamente un sistema de transmisi\u00f3n o accionamiento en funci\u00f3n de la velocidad (rpm) del motor. Est\u00e1 dise\u00f1ado para conectar o desconectar la transmisi\u00f3n a una velocidad definida cuando el r\u00e9gimen del motor aumenta o disminuye.<\/span><\/p>\n<p class=\"brz-tp-lg-paragraph brz-tp-sm-paragraph brz-css-hfSgd\" data-generated-css=\"brz-css-aTSOE\" data-uniq-id=\"bye_0\"><span class=\"brz-cp-color7\">&nbsp;<\/span><\/p>\n<p class=\"brz-tp-lg-paragraph brz-tp-sm-paragraph brz-css-q0_e_\" data-generated-css=\"brz-css-dXmbm\" data-uniq-id=\"tFHUV\"><span class=\"brz-cp-color7\">El embrague centr\u00edfugo se desarroll\u00f3 originalmente para permitir que los motores de combusti\u00f3n funcionaran suavemente sin carga. En cuanto el motor alcanza un r\u00e9gimen determinado y ha desarrollado suficiente potencia, el embrague engrana autom\u00e1ticamente el lado de salida y transfiere la potencia al sistema de accionamiento de salida.<\/span><\/p>\n<p class=\"brz-tp-lg-paragraph brz-tp-sm-paragraph brz-css-ziv4T\" data-generated-css=\"brz-css-qSarL\" data-uniq-id=\"vlOZB\"><span class=\"brz-cp-color7\">&nbsp;<\/span><\/p>\n<p class=\"brz-tp-lg-paragraph brz-tp-sm-paragraph brz-css-b_QJ_\" data-generated-css=\"brz-css-bye7N\" data-uniq-id=\"tz5_G\"><span class=\"brz-cp-color7\">Esto hace que los embragues centr\u00edfugos sean ideales para aplicaciones como motocicletas peque\u00f1as, karts, motosierras y cortac\u00e9spedes, donde se requiere un acoplamiento suave sin calar ni sobrecargar el motor.<\/span><\/p>\n<p class=\"brz-tp-lg-paragraph brz-tp-sm-paragraph brz-css-czsEs\" data-generated-css=\"brz-css-wOJdd\" data-uniq-id=\"q0RII\"><span class=\"brz-cp-color7\">&nbsp;<\/span><\/p>\n<p class=\"brz-tp-lg-paragraph brz-tp-sm-paragraph brz-css-iyA2x\" data-generated-css=\"brz-css-amXVm\" data-uniq-id=\"dPeCX\"><strong class=\"brz-cp-color7\">La ventaja m\u00e1s importante de un embrague centr\u00edfugo:<\/strong><\/p>\n<p class=\"brz-tp-lg-paragraph brz-tp-sm-paragraph brz-css-rm286\" data-generated-css=\"brz-css-ymEFz\" data-uniq-id=\"m02qs\"><span class=\"brz-cp-color7\">La conexi\u00f3n y desconexi\u00f3n autom\u00e1ticas garantizan una transmisi\u00f3n de potencia m\u00e1s suave y eficaz y protegen el motor de esfuerzos innecesarios.<\/span><\/p>\n<\/div>\n<\/div>\n<\/div>\n<\/div>\n<\/div>\n<\/div>\n<div class=\"brz-accordion__item\">\n<div class=\"brz-accordion__nav\" data-brz-collapsible=\"on\">\n<h4 data-brz-translate-text=\"1\" class=\"brz-accordion__nav-title brz-h4 brz-text__editor\">\u00bfC\u00f3mo funciona un embrague centr\u00edfugo?<\/h4>\n<\/div>\n<div class=\"brz-accordion__content brz-d-xs-flex brz-flex-xs-column\">\n<div class=\"brz-accordion__item-content brz-d-xs-flex brz-flex-xs-column\">\n<div id=\"\" class=\"brz-css-d-wrapper brz-css-1477jn brz-wrapper\">\n<div class=\"brz-rich-text brz-rich-text__custom brz-css-d-richtext brz-css-1bekej4\" data-brz-custom-id=\"osq2jTjI8iL7\">\n<div data-brz-translate-text=\"1\">\n<p class=\"brz-text-lg-left brz-fsft-lg-0 brz-fwdth-lg-100 brz-vfw-lg-400 brz-lh-lg-1_3 brz-ls-lg-0 brz-fw-lg-300 brz-fss-lg-px brz-fs-lg-17 brz-ft-google brz-ff-roboto brz-tp-lg-empty brz-bcp-color7 brz-tp-xs-paragraph brz-tp-sm-paragraph brz-css-q4ddk\" data-generated-css=\"brz-css-kOzUk\" data-uniq-id=\"fMccL\"><span class=\"brz-cp-color7\">Un embrague centr\u00edfugo es un embrague autom\u00e1tico que funciona en funci\u00f3n del r\u00e9gimen del motor utilizando la fuerza centr\u00edfuga. Se suele utilizar en motos peque\u00f1as, karts, motosierras y otras m\u00e1quinas peque\u00f1as. Funciona de la siguiente manera: <\/span><\/p>\n<p class=\"brz-text-lg-left brz-fsft-lg-0 brz-fwdth-lg-100 brz-vfw-lg-400 brz-lh-lg-1_3 brz-ls-lg-0 brz-fw-lg-300 brz-fss-lg-px brz-fs-lg-17 brz-ft-google brz-ff-roboto brz-tp-lg-empty brz-bcp-color7 brz-tp-xs-paragraph brz-tp-sm-paragraph brz-css-jsrZm\" data-generated-css=\"brz-css-ndnBK\" data-uniq-id=\"h4NXG\"><span class=\"brz-cp-color7\"> <\/span><\/p>\n<p class=\"brz-fsft-lg-0 brz-fwdth-lg-100 brz-vfw-lg-400 brz-lh-lg-1_3 brz-ls-lg-0 brz-fw-lg-300 brz-fss-lg-px brz-fs-lg-17 brz-ft-google brz-ff-roboto brz-tp-lg-empty brz-text-lg-left brz-bcp-color7 brz-tp-xs-paragraph brz-tp-sm-paragraph brz-css-n_GxW\" data-generated-css=\"brz-css-f52XH\" data-uniq-id=\"d5iOC\"><strong class=\"brz-bold-true brz-cp-color7\">Ralent\u00ed\/baja velocidad (estado desembragado): <\/strong><\/p>\n<p class=\"brz-text-lg-left brz-fsft-lg-0 brz-fwdth-lg-100 brz-vfw-lg-400 brz-lh-lg-1_3 brz-ls-lg-0 brz-fw-lg-300 brz-fss-lg-px brz-fs-lg-17 brz-ft-google brz-ff-roboto brz-tp-lg-empty brz-bcp-color7 brz-tp-xs-paragraph brz-tp-sm-paragraph brz-css-z6ugh\" data-generated-css=\"brz-css-pNpzz\" data-uniq-id=\"rFQkk\"><span class=\"brz-cp-color7\">A bajas velocidades, los muelles tiran de las zapatas de embrague (forros de fricci\u00f3n) hacia dentro. No hay contacto con el tambor y no se transmite par al eje de salida.<\/span><\/p>\n<p class=\"brz-tp-lg-paragraph brz-bcp-color7 brz-text-lg-left brz-tp-sm-paragraph brz-css-oMZYx\" data-generated-css=\"brz-css-n6Vak\" data-uniq-id=\"qFFNk\"><span class=\"brz-cp-color7\"> <\/span><\/p>\n<p class=\"brz-tp-lg-paragraph brz-bcp-color7 brz-text-lg-left brz-tp-sm-paragraph brz-css-ep5i9\" data-generated-css=\"brz-css-klXIx\" data-uniq-id=\"leie8\"><strong class=\"brz-cp-color7\">Aumento de la velocidad (fase de compromiso):<\/strong><\/p>\n<p class=\"brz-tp-lg-paragraph brz-bcp-color7 brz-text-lg-left brz-tp-sm-paragraph brz-css-dvl6e\" data-generated-css=\"brz-css-hueaq\" data-uniq-id=\"ayM1m\"><span class=\"brz-cp-color7\">Al aumentar el r\u00e9gimen del motor, la fuerza centr\u00edfuga empuja hacia fuera las zapatas del embrague contra el tambor. La fricci\u00f3n entre las zapatas y el tambor hace que \u00e9ste gire y se transmita la fuerza. Durante esta fase, el embrague puede patinar brevemente.<\/span><\/p>\n<p class=\"brz-tp-lg-paragraph brz-bcp-color7 brz-text-lg-left brz-tp-sm-paragraph brz-css-qKbu8\" data-generated-css=\"brz-css-vLa3i\" data-uniq-id=\"t87Kf\"><span class=\"brz-cp-color7\"> <\/span><\/p>\n<p class=\"brz-tp-lg-paragraph brz-bcp-color7 brz-text-lg-left brz-tp-sm-paragraph brz-css-j5bn4\" data-generated-css=\"brz-css-uesQr\" data-uniq-id=\"y31q2\"><strong class=\"brz-cp-color7\">Alta velocidad (estado totalmente engranado):<\/strong><\/p>\n<p class=\"brz-tp-lg-paragraph brz-bcp-color7 brz-text-lg-left brz-tp-sm-paragraph brz-css-mMNNk\" data-generated-css=\"brz-css-cH2W7\" data-uniq-id=\"wSITZ\"><span class=\"brz-cp-color7\">A alta velocidad, las zapatas del embrague presionan completamente contra el tambor: se transmite toda la potencia. El eje de salida gira ahora a la misma velocidad que el motor. No deber\u00eda haber m\u00e1s deslizamiento.<\/span><\/p>\n<p class=\"brz-tp-lg-paragraph brz-bcp-color7 brz-text-lg-left brz-tp-sm-paragraph brz-css-g8xqq\" data-generated-css=\"brz-css-bnijC\" data-uniq-id=\"sged6\"><span class=\"brz-cp-color7\"> <\/span><\/p>\n<p class=\"brz-tp-lg-paragraph brz-bcp-color7 brz-text-lg-left brz-tp-sm-paragraph brz-css-qEyfO\" data-generated-css=\"brz-css-iOanv\" data-uniq-id=\"jUgJI\"><strong class=\"brz-cp-color7\">Desaceleraci\u00f3n (desembrague):<\/strong><\/p>\n<p class=\"brz-tp-lg-paragraph brz-bcp-color7 brz-text-lg-left brz-tp-sm-paragraph brz-css-p1CLJ\" data-generated-css=\"brz-css-v5mnr\" data-uniq-id=\"vDvzz\"><span class=\"brz-cp-color7\">Cuando el motor frena, la fuerza centr\u00edfuga disminuye. Los muelles tiran de las zapatas hacia atr\u00e1s y se interrumpe el contacto con el tambor: el embrague se desembraga.<\/span><\/p>\n<\/div>\n<\/div>\n<\/div>\n<\/div>\n<\/div>\n<\/div>\n<div class=\"brz-accordion__item\">\n<div class=\"brz-accordion__nav\" data-brz-collapsible=\"on\">\n<h4 data-brz-translate-text=\"1\" class=\"brz-accordion__nav-title brz-h4 brz-text__editor\">\u00bfEl embrague centr\u00edfugo se acopla demasiado pronto o demasiado tarde?<\/h4>\n<\/div>\n<div class=\"brz-accordion__content brz-d-xs-flex brz-flex-xs-column\">\n<div class=\"brz-accordion__item-content brz-d-xs-flex brz-flex-xs-column\">\n<div id=\"\" class=\"brz-css-d-wrapper brz-css-1oh0l3u brz-wrapper\">\n<div class=\"brz-rich-text brz-rich-text__custom brz-css-d-richtext brz-css-1j2mbp8\" data-brz-custom-id=\"pLEBqPZZxN7d\">\n<div data-brz-translate-text=\"1\">\n<p class=\"brz-tp-lg-paragraph brz-css-yGLXB\" data-generated-css=\"brz-css-ziVCT\" data-uniq-id=\"uFsoR\"><strong class=\"brz-cp-color7\">Estas son las razones<\/strong><\/p>\n<p class=\"brz-tp-lg-paragraph brz-css-irKZ_\" data-generated-css=\"brz-css-g3QQG\" data-uniq-id=\"nPCVN\"><\/p>\n<p class=\"brz-tp-lg-paragraph brz-css-r4846\" data-generated-css=\"brz-css-iD_H_\" data-uniq-id=\"m5Mxv\"><span class=\"brz-cp-color7\">La velocidad de acoplamiento de un embrague centr\u00edfugo es crucial para un rendimiento \u00f3ptimo. Si se acopla demasiado pronto o demasiado tarde, puede provocar una aceleraci\u00f3n deficiente, un desgaste excesivo o incluso el calado del motor.<\/span><\/p>\n<p class=\"brz-tp-lg-paragraph brz-css-buhkT\" data-generated-css=\"brz-css-xmUMx\" data-uniq-id=\"beCcD\"><\/p>\n<p class=\"brz-tp-lg-paragraph brz-css-j4pdh\" data-generated-css=\"brz-css-k7cog\" data-uniq-id=\"tCSrO\"><strong class=\"brz-cp-color7\">Compromiso temprano<\/strong><\/p>\n<p class=\"brz-tp-lg-paragraph brz-css-jQVwn\" data-generated-css=\"brz-css-wfNbN\" data-uniq-id=\"t5V5J\"><strong class=\"brz-cp-color7\">S\u00edntomas:<\/strong><span class=\"brz-cp-color7\">&nbsp;El motor tartamudea, acelera mal, el embrague se sobrecalienta.<\/span><\/p>\n<p class=\"brz-tp-lg-paragraph brz-css-lYpSp\" data-generated-css=\"brz-css-hzwvc\" data-uniq-id=\"jfyZS\"><strong class=\"brz-cp-color7\">Posibles causas y soluciones:<\/strong><\/p>\n<ul>\n<li class=\"brz-tp-lg-paragraph brz-bcp-color7 brz-css-sAyFZ\" data-generated-css=\"brz-css-zapGH\" data-uniq-id=\"f9iaP\"><strong class=\"brz-cp-color7\">Muelles incorrectos, d\u00e9biles o desgastados<\/strong><\/li>\n<li class=\"brz-tp-lg-paragraph brz-bcp-color7 brz-css-niHQc\" data-generated-css=\"brz-css-tni3J\" data-uniq-id=\"kHdu_\"><span class=\"brz-cp-color7\">\u2192 Los muelles pierden tensi\u00f3n con el tiempo, lo que hace que el embrague se acople demasiado pronto.<\/span><\/li>\n<li class=\"brz-tp-lg-paragraph brz-css-i6wJe\" data-generated-css=\"brz-css-ktrZ_\" data-uniq-id=\"dAfts\"><strong class=\"brz-cp-color7\">Soluci\u00f3n:<\/strong><span class=\"brz-cp-color7\">&nbsp;Compruebe los muelles y sustit\u00fayalos si es necesario.<\/span><\/li>\n<li class=\"brz-tp-lg-paragraph brz-bcp-color7 brz-css-z0RBz\" data-generated-css=\"brz-css-uqZQy\" data-uniq-id=\"aNTj_\"><strong class=\"brz-cp-color7\">Contaminaci\u00f3n en el embrague (suciedad, abrasi\u00f3n)<\/strong><\/li>\n<li class=\"brz-tp-lg-paragraph brz-bcp-color7 brz-css-fZSwY\" data-generated-css=\"brz-css-xpZOA\" data-uniq-id=\"e5BJC\"><span class=\"brz-cp-color7\">\u2192 La suciedad o la abrasi\u00f3n en la carcasa perjudican el funcionamiento.<\/span><\/li>\n<li class=\"brz-tp-lg-paragraph brz-css-fipun\" data-generated-css=\"brz-css-ahOwZ\" data-uniq-id=\"fxLiI\"><strong class=\"brz-cp-color7\">Soluci\u00f3n:<\/strong><span class=\"brz-cp-color7\">&nbsp;Limpie a fondo el embrague.<\/span><\/li>\n<\/ul>\n<p class=\"brz-tp-lg-paragraph brz-css-kva6F\" data-generated-css=\"brz-css-dKWqG\" data-uniq-id=\"wD4Xq\"><\/p>\n<p class=\"brz-tp-lg-paragraph brz-css-fhjcn\" data-generated-css=\"brz-css-do58r\" data-uniq-id=\"eUNhR\"><strong class=\"brz-cp-color7\">Embrague tard\u00edo<\/strong><\/p>\n<p class=\"brz-tp-lg-paragraph brz-css-gOdbB\" data-generated-css=\"brz-css-qi5Wo\" data-uniq-id=\"qdvpH\"><strong class=\"brz-cp-color7\">S\u00edntomas:<\/strong><span class=\"brz-cp-color7\">&nbsp;Retraso en la transmisi\u00f3n de potencia, motor revolucionado, p\u00e9rdida de potencia.<\/span><\/p>\n<p class=\"brz-tp-lg-paragraph brz-css-lqzdF\" data-generated-css=\"brz-css-hdUkP\" data-uniq-id=\"uqtGo\"><strong class=\"brz-cp-color7\">Posibles causas y soluciones:<\/strong><\/p>\n<ul>\n<li class=\"brz-tp-lg-paragraph brz-bcp-color7 brz-css-zGUIA\" data-generated-css=\"brz-css-oWPWv\" data-uniq-id=\"cwV4_\"><strong class=\"brz-cp-color7\">Muelles demasiado duros<\/strong><\/li>\n<li class=\"brz-tp-lg-paragraph brz-bcp-color7 brz-css-vV7VG\" data-generated-css=\"brz-css-tK4Ea\" data-uniq-id=\"kMdPl\"><span class=\"brz-cp-color7\">\u2192 Los muelles con alta tensi\u00f3n evitan el embrague prematuro.<\/span><\/li>\n<li class=\"brz-tp-lg-paragraph brz-css-odp0R\" data-generated-css=\"brz-css-rXTiw\" data-uniq-id=\"mIuew\"><strong class=\"brz-cp-color7\">Soluci\u00f3n:<\/strong><span class=\"brz-cp-color7\">&nbsp;Sustituya los muelles por otros m\u00e1s blandos.<\/span><\/li>\n<li class=\"brz-tp-lg-paragraph brz-bcp-color7 brz-css-ybaX1\" data-generated-css=\"brz-css-cXOsD\" data-uniq-id=\"dbpUv\"><strong class=\"brz-cp-color7\">Revestimientos de fricci\u00f3n vidriados o desgastados<\/strong><\/li>\n<li class=\"brz-tp-lg-paragraph brz-bcp-color7 brz-css-dpMQ1\" data-generated-css=\"brz-css-dVQ4s\" data-uniq-id=\"zZ83v\"><span class=\"brz-cp-color7\">\u2192 Las pastillas de freno lisas o desgastadas patinan antes de agarrar.<\/span><\/li>\n<li class=\"brz-tp-lg-paragraph brz-css-c5B35\" data-generated-css=\"brz-css-ko3lJ\" data-uniq-id=\"da2Tt\"><strong class=\"brz-cp-color7\">Soluci\u00f3n:<\/strong><span class=\"brz-cp-color7\">&nbsp;Rectificar o sustituir las pastillas.<\/span><\/li>\n<li class=\"brz-tp-lg-paragraph brz-bcp-color7 brz-css-nBtIs\" data-generated-css=\"brz-css-yXOLx\" data-uniq-id=\"oq9Kx\"><strong class=\"brz-cp-color7\">Tambor de embrague demasiado liso o desgastado<\/strong><\/li>\n<li class=\"brz-tp-lg-paragraph brz-bcp-color7 brz-css-jU4_f\" data-generated-css=\"brz-css-nzyOR\" data-uniq-id=\"e2u91\"><span class=\"brz-cp-color7\">\u2192 Un tambor pulido o desgastado reduce la fricci\u00f3n.<\/span><\/li>\n<li class=\"brz-tp-lg-paragraph brz-css-hNdu2\" data-generated-css=\"brz-css-fSRjK\" data-uniq-id=\"nhpUg\"><strong class=\"brz-cp-color7\">Soluci\u00f3n:<\/strong><span class=\"brz-cp-color7\">&nbsp;Desbaste o sustituya el tambor.<\/span><\/li>\n<\/ul>\n<p class=\"brz-tp-lg-paragraph brz-css-b9KQK\" data-generated-css=\"brz-css-m8pwS\" data-uniq-id=\"vxaUQ\"><\/p>\n<p class=\"brz-tp-lg-paragraph brz-css-yDQ7a\" data-generated-css=\"brz-css-htSAk\" data-uniq-id=\"g4A39\"><strong class=\"brz-cp-color7\">Conclusi\u00f3n:<\/strong><\/p>\n<ul>\n<li class=\"brz-tp-lg-paragraph brz-css-bPO1V\" data-generated-css=\"brz-css-eI5r8\" data-uniq-id=\"p2kSF\"><strong class=\"brz-cp-color7\">\u00bfCompromiso temprano?<\/strong><span class=\"brz-cp-color7\">&nbsp;\u2192 En la mayor\u00eda de los casos, muelles d\u00e9biles o suciedad en el embrague.<\/span><\/li>\n<li class=\"brz-tp-lg-paragraph brz-css-qRpYy\" data-generated-css=\"brz-css-aivjQ\" data-uniq-id=\"yFLds\"><strong class=\"brz-cp-color7\">\u00bfConexi\u00f3n tard\u00eda del embrague?<\/strong><span class=\"brz-cp-color7\">&nbsp;\u2192 Suele deberse a muelles demasiado fuertes o componentes desgastados.<\/span><\/li>\n<\/ul>\n<\/div>\n<\/div>\n<\/div>\n<\/div>\n<\/div>\n<\/div>\n<\/div>\n<\/div>\n<\/div>\n<\/div>\n<\/section><\/div>\n<p><!-- version:1773834935 --><\/p>","protected":false},"excerpt":{"rendered":"<p>FAQs \u00bfQu\u00e9 es un embrague centr\u00edfugo? Un embrague centr\u00edfugo es un componente mec\u00e1nico que conecta y desconecta autom\u00e1ticamente un sistema de transmisi\u00f3n o accionamiento en funci\u00f3n de la velocidad (rpm) del motor. Est\u00e1 dise\u00f1ado para conectar o desconectar la transmisi\u00f3n a una velocidad definida cuando el r\u00e9gimen del motor aumenta o disminuye.   El embrague centr\u00edfugo se desarroll\u00f3 originalmente para... <a class=\"more-link\" href=\"https:\/\/www.amsbeck-mt.de\/es\/faqs\/\">Seguir leyendo <span class=\"screen-reader-text\">Preguntas frecuentes<\/span><\/a><\/p>","protected":false},"author":1,"featured_media":0,"parent":0,"menu_order":0,"comment_status":"closed","ping_status":"closed","template":"brizy-blank-template.php","meta":{"footnotes":""},"class_list":["post-17166","page","type-page","status-publish","hentry","entry"],"yoast_head":"<!-- This site is optimized with the Yoast SEO plugin v27.2 - https:\/\/yoast.com\/product\/yoast-seo-wordpress\/ -->\n<title>FAQs - Amsbeck Maschinentechnik<\/title>\n<meta name=\"robots\" content=\"index, follow, max-snippet:-1, max-image-preview:large, max-video-preview:-1\" \/>\n<link rel=\"canonical\" href=\"https:\/\/www.amsbeck-mt.de\/es\/faqs\/\" \/>\n<meta property=\"og:locale\" content=\"es_ES\" \/>\n<meta property=\"og:type\" content=\"article\" \/>\n<meta property=\"og:title\" content=\"FAQs - Amsbeck Maschinentechnik\" \/>\n<meta property=\"og:description\" content=\"FAQs Was ist eine Fliehkraftkupplung? Eine Fliehkraftkupplung ist ein mechanisches Bauteil, das ein Antriebs- oder \u00dcbertragungssystem automatisch abh\u00e4ngig von der Drehzahl (U\/min) des Motors ein- und auskuppelt. Sie ist so konstruiert, dass sie den Antrieb bei einer definierten Drehzahl verbindet oder trennt, wenn die Motordrehzahl steigt oder sinkt. &nbsp; Urspr\u00fcnglich wurde die Fliehkraftkupplung entwickelt, um&hellip; Seguir leyendo FAQs\" \/>\n<meta property=\"og:url\" content=\"https:\/\/www.amsbeck-mt.de\/es\/faqs\/\" \/>\n<meta property=\"og:site_name\" content=\"Amsbeck Maschinentechnik\" \/>\n<meta property=\"article:modified_time\" content=\"2026-03-18T11:55:35+00:00\" \/>\n<meta property=\"og:image\" content=\"https:\/\/www.amsbeck-mt.de\/wp-content\/uploads\/2021\/12\/wp-98b58feec9b9ce0f3fad636b4c727a1c.svg\" \/>\n<meta name=\"twitter:card\" content=\"summary_large_image\" \/>\n<script type=\"application\/ld+json\" class=\"yoast-schema-graph\">{\"@context\":\"https:\/\/schema.org\",\"@graph\":[{\"@type\":\"WebPage\",\"@id\":\"https:\/\/www.amsbeck-mt.de\/faqs\/\",\"url\":\"https:\/\/www.amsbeck-mt.de\/faqs\/\",\"name\":\"FAQs - Amsbeck Maschinentechnik\",\"isPartOf\":{\"@id\":\"https:\/\/www.amsbeck-mt.de\/#website\"},\"primaryImageOfPage\":{\"@id\":\"https:\/\/www.amsbeck-mt.de\/faqs\/#primaryimage\"},\"image\":{\"@id\":\"https:\/\/www.amsbeck-mt.de\/faqs\/#primaryimage\"},\"thumbnailUrl\":\"https:\/\/www.amsbeck-mt.de\/wp-content\/uploads\/2021\/12\/wp-98b58feec9b9ce0f3fad636b4c727a1c.svg\",\"datePublished\":\"2025-06-18T10:40:55+00:00\",\"dateModified\":\"2026-03-18T11:55:35+00:00\",\"breadcrumb\":{\"@id\":\"https:\/\/www.amsbeck-mt.de\/faqs\/#breadcrumb\"},\"inLanguage\":\"es\",\"potentialAction\":[{\"@type\":\"ReadAction\",\"target\":[\"https:\/\/www.amsbeck-mt.de\/faqs\/\"]}]},{\"@type\":\"ImageObject\",\"inLanguage\":\"es\",\"@id\":\"https:\/\/www.amsbeck-mt.de\/faqs\/#primaryimage\",\"url\":\"https:\/\/www.amsbeck-mt.de\/wp-content\/uploads\/2021\/12\/wp-98b58feec9b9ce0f3fad636b4c727a1c.svg\",\"contentUrl\":\"https:\/\/www.amsbeck-mt.de\/wp-content\/uploads\/2021\/12\/wp-98b58feec9b9ce0f3fad636b4c727a1c.svg\"},{\"@type\":\"BreadcrumbList\",\"@id\":\"https:\/\/www.amsbeck-mt.de\/faqs\/#breadcrumb\",\"itemListElement\":[{\"@type\":\"ListItem\",\"position\":1,\"name\":\"Startseite\",\"item\":\"https:\/\/www.amsbeck-mt.de\/\"},{\"@type\":\"ListItem\",\"position\":2,\"name\":\"FAQs\"}]},{\"@type\":\"WebSite\",\"@id\":\"https:\/\/www.amsbeck-mt.de\/#website\",\"url\":\"https:\/\/www.amsbeck-mt.de\/\",\"name\":\"Amsbeck Maschinentechnik\",\"description\":\"Ihr Partner rund um Fliehkraftkupplungen und Fliehkraftbremsen\",\"potentialAction\":[{\"@type\":\"SearchAction\",\"target\":{\"@type\":\"EntryPoint\",\"urlTemplate\":\"https:\/\/www.amsbeck-mt.de\/?s={search_term_string}\"},\"query-input\":{\"@type\":\"PropertyValueSpecification\",\"valueRequired\":true,\"valueName\":\"search_term_string\"}}],\"inLanguage\":\"es\"}]}<\/script>\n<!-- \/ Yoast SEO plugin. -->","yoast_head_json":{"title":"Preguntas frecuentes - Amsbeck Maschinentechnik","robots":{"index":"index","follow":"follow","max-snippet":"max-snippet:-1","max-image-preview":"max-image-preview:large","max-video-preview":"max-video-preview:-1"},"canonical":"https:\/\/www.amsbeck-mt.de\/es\/faqs\/","og_locale":"es_ES","og_type":"article","og_title":"FAQs - Amsbeck Maschinentechnik","og_description":"FAQs Was ist eine Fliehkraftkupplung? Eine Fliehkraftkupplung ist ein mechanisches Bauteil, das ein Antriebs- oder \u00dcbertragungssystem automatisch abh\u00e4ngig von der Drehzahl (U\/min) des Motors ein- und auskuppelt. Sie ist so konstruiert, dass sie den Antrieb bei einer definierten Drehzahl verbindet oder trennt, wenn die Motordrehzahl steigt oder sinkt. &nbsp; Urspr\u00fcnglich wurde die Fliehkraftkupplung entwickelt, um&hellip; Seguir leyendo FAQs","og_url":"https:\/\/www.amsbeck-mt.de\/es\/faqs\/","og_site_name":"Amsbeck Maschinentechnik","article_modified_time":"2026-03-18T11:55:35+00:00","og_image":[{"url":"https:\/\/www.amsbeck-mt.de\/wp-content\/uploads\/2021\/12\/wp-98b58feec9b9ce0f3fad636b4c727a1c.svg","type":"","width":"","height":""}],"twitter_card":"summary_large_image","schema":{"@context":"https:\/\/schema.org","@graph":[{"@type":"WebPage","@id":"https:\/\/www.amsbeck-mt.de\/faqs\/","url":"https:\/\/www.amsbeck-mt.de\/faqs\/","name":"Preguntas frecuentes - Amsbeck Maschinentechnik","isPartOf":{"@id":"https:\/\/www.amsbeck-mt.de\/#website"},"primaryImageOfPage":{"@id":"https:\/\/www.amsbeck-mt.de\/faqs\/#primaryimage"},"image":{"@id":"https:\/\/www.amsbeck-mt.de\/faqs\/#primaryimage"},"thumbnailUrl":"https:\/\/www.amsbeck-mt.de\/wp-content\/uploads\/2021\/12\/wp-98b58feec9b9ce0f3fad636b4c727a1c.svg","datePublished":"2025-06-18T10:40:55+00:00","dateModified":"2026-03-18T11:55:35+00:00","breadcrumb":{"@id":"https:\/\/www.amsbeck-mt.de\/faqs\/#breadcrumb"},"inLanguage":"es","potentialAction":[{"@type":"ReadAction","target":["https:\/\/www.amsbeck-mt.de\/faqs\/"]}]},{"@type":"ImageObject","inLanguage":"es","@id":"https:\/\/www.amsbeck-mt.de\/faqs\/#primaryimage","url":"https:\/\/www.amsbeck-mt.de\/wp-content\/uploads\/2021\/12\/wp-98b58feec9b9ce0f3fad636b4c727a1c.svg","contentUrl":"https:\/\/www.amsbeck-mt.de\/wp-content\/uploads\/2021\/12\/wp-98b58feec9b9ce0f3fad636b4c727a1c.svg"},{"@type":"BreadcrumbList","@id":"https:\/\/www.amsbeck-mt.de\/faqs\/#breadcrumb","itemListElement":[{"@type":"ListItem","position":1,"name":"Startseite","item":"https:\/\/www.amsbeck-mt.de\/"},{"@type":"ListItem","position":2,"name":"FAQs"}]},{"@type":"WebSite","@id":"https:\/\/www.amsbeck-mt.de\/#website","url":"https:\/\/www.amsbeck-mt.de\/","name":"Tecnolog\u00eda de maquinaria Amsbeck","description":"Su socio para embragues centr\u00edfugos y frenos centr\u00edfugos","potentialAction":[{"@type":"SearchAction","target":{"@type":"EntryPoint","urlTemplate":"https:\/\/www.amsbeck-mt.de\/?s={search_term_string}"},"query-input":{"@type":"PropertyValueSpecification","valueRequired":true,"valueName":"search_term_string"}}],"inLanguage":"es"}]}},"brizy_media":[],"_links":{"self":[{"href":"https:\/\/www.amsbeck-mt.de\/es\/wp-json\/wp\/v2\/pages\/17166","targetHints":{"allow":["GET"]}}],"collection":[{"href":"https:\/\/www.amsbeck-mt.de\/es\/wp-json\/wp\/v2\/pages"}],"about":[{"href":"https:\/\/www.amsbeck-mt.de\/es\/wp-json\/wp\/v2\/types\/page"}],"author":[{"embeddable":true,"href":"https:\/\/www.amsbeck-mt.de\/es\/wp-json\/wp\/v2\/users\/1"}],"replies":[{"embeddable":true,"href":"https:\/\/www.amsbeck-mt.de\/es\/wp-json\/wp\/v2\/comments?post=17166"}],"version-history":[{"count":26,"href":"https:\/\/www.amsbeck-mt.de\/es\/wp-json\/wp\/v2\/pages\/17166\/revisions"}],"predecessor-version":[{"id":17706,"href":"https:\/\/www.amsbeck-mt.de\/es\/wp-json\/wp\/v2\/pages\/17166\/revisions\/17706"}],"wp:attachment":[{"href":"https:\/\/www.amsbeck-mt.de\/es\/wp-json\/wp\/v2\/media?parent=17166"}],"curies":[{"name":"wp","href":"https:\/\/api.w.org\/{rel}","templated":true}]}}